{"id":553,"date":"2021-11-08T11:24:22","date_gmt":"2021-11-08T11:24:22","guid":{"rendered":"https:\/\/toscanapflanzen.it\/?page_id=553"},"modified":"2022-08-08T11:26:55","modified_gmt":"2022-08-08T11:26:55","slug":"553-2","status":"publish","type":"page","link":"https:\/\/toscanapflanzen.eu\/de\/","title":{"rendered":"Home"},"content":{"rendered":"  <div class=\"banner-grid-wrapper\">\n  <div id=\"banner-grid-1205991321\" class=\"banner-grid row row-grid row-collapse row-box-shadow-2 row-box-shadow-2-hover row-full-width\" data-packery-options=\"\">\n                      \n<div class=\"col grid-col large-12 grid-col-1\" ><div class=\"col-inner\">\n<div class=\"slider-wrapper relative\" id=\"slider-1453096013\" >\n    <div class=\"slider slider-nav-circle slider-nav-large slider-nav-light slider-style-normal\"\n        data-flickity-options='{\n            \"cellAlign\": \"center\",\n            \"imagesLoaded\": true,\n            \"lazyLoad\": 1,\n            \"freeScroll\": false,\n            \"wrapAround\": true,\n            \"autoPlay\": 6000,\n            \"pauseAutoPlayOnHover\" : true,\n            \"prevNextButtons\": true,\n            \"contain\" : true,\n            \"adaptiveHeight\" : true,\n            \"dragThreshold\" : 10,\n            \"percentPosition\": true,\n            \"pageDots\": true,\n            \"rightToLeft\": false,\n            \"draggable\": true,\n            \"selectedAttraction\": 0.1,\n            \"parallax\" : 0,\n            \"friction\": 0.6        }'\n        >\n        \n\n  <div class=\"banner has-hover\" id=\"banner-198502130\">\n          <div class=\"banner-inner fill\">\n        <div class=\"banner-bg fill\" >\n            <img loading=\"lazy\" decoding=\"async\" width=\"1693\" height=\"749\" src=\"https:\/\/toscanapflanzen.eu\/wp-content\/uploads\/2021\/10\/banner_1.jpg\" class=\"bg attachment-original size-original\" alt=\"\" \/>                        <div class=\"overlay\"><\/div>            \n                    <\/div>\n\t\t\n        <div class=\"banner-layers container\">\n            <div class=\"fill banner-link\"><\/div>            \n   <div id=\"text-box-323612868\" class=\"text-box banner-layer x5 md-x5 lg-x5 y50 md-y50 lg-y50 res-text\">\n                                <div class=\"text-box-content text box-shadow-3\">\n              \n              <div class=\"text-inner text-left\">\n                  \n\t<div id=\"text-1821074521\" class=\"text\">\n\t\t\n<p class=\"uppercase\"><span style=\"font-size: 180%; color: #50b848;\"><strong>WIR SIND IHR VERL\u00c4NGERTER ARM IN ITALIEN<\/strong><\/span><\/p>\n<p class=\"uppercase\"><span style=\"font-size: 180%; color: #50b848;\"><strong>WE ARE YOUR EXTENDED ARM IN ITALY<\/strong><\/span><\/p>\n<p class=\"uppercase\"><strong><span style=\"font-size: 180%;\"><span style=\"color: #50b848;\">NOUS SOMMES VOTRE BRAS ALLONG\u00c9 EN ITALIE<\/span> <\/span><\/strong><\/p>\n\t\t\n<style>\n#text-1821074521 {\n  color: #284339;\n}\n#text-1821074521 > * {\n  color: #284339;\n}\n<\/style>\n\t<\/div>\n\t\n              <\/div>\n           <\/div>\n                            \n<style>\n#text-box-323612868 .text-box-content {\n  background-color: rgb(255, 255, 255);\n  font-size: 100%;\n}\n#text-box-323612868 .text-inner {\n  padding: 30px 30px 30px 30px;\n}\n#text-box-323612868 {\n  width: 60%;\n}\n@media (min-width:550px) {\n  #text-box-323612868 {\n    width: 67%;\n  }\n}\n<\/style>\n    <\/div>\n \n        <\/div>\n      <\/div>\n\n            \n<style>\n#banner-198502130 {\n  padding-top: 500px;\n  background-color: rgb(255, 255, 255);\n}\n#banner-198502130 .overlay {\n  background-color: rgba(190, 190, 190, 0.2);\n}\n#banner-198502130 .banner-bg img {\n  object-position: 21% 43%;\n}\n<\/style>\n  <\/div>\n\n\n\n  <div class=\"banner has-hover\" id=\"banner-631139203\">\n          <div class=\"banner-inner fill\">\n        <div class=\"banner-bg fill\" >\n            <img loading=\"lazy\" decoding=\"async\" width=\"2000\" height=\"1500\" src=\"https:\/\/toscanapflanzen.eu\/wp-content\/uploads\/2021\/09\/3127_1.jpg\" class=\"bg attachment-original size-original\" alt=\"\" \/>                        <div class=\"overlay\"><\/div>            \n                    <\/div>\n\t\t\n        <div class=\"banner-layers container\">\n            <div class=\"fill banner-link\"><\/div>            \n   <div id=\"text-box-1783891314\" class=\"text-box banner-layer x5 md-x5 lg-x5 y50 md-y50 lg-y50 res-text\">\n                                <div class=\"text-box-content text box-shadow-3\">\n              \n              <div class=\"text-inner text-left\">\n                  \n\t<div id=\"text-1622147250\" class=\"text\">\n\t\t\n<h2 class=\"uppercase lead\"><strong>TOSCANA PFLANZEN<\/strong><\/h2>\n<h3>WIR VERTRETEN IHR UNTERNEHMEN<\/h3>\n<p>Toscana Pflanzen ist ein Unternehmen, das sich auf die Vertretung im Baumschulsektor spezialisiert hat, gro\u00dfe Erfahrung und Professionalit\u00e4t immer im Dienst des Kunden. Wir unterst\u00fctzen italienische und ausl\u00e4ndische Unternehmer und G\u00e4rtner, bieten qualifizierte Beratung und l\u00f6sen alle Branchenprobleme.<\/p>\n<p>\u00a0<\/p>\n\t\t\n<style>\n#text-1622147250 {\n  color: #284339;\n}\n#text-1622147250 > * {\n  color: #284339;\n}\n<\/style>\n\t<\/div>\n\t\n              <\/div>\n           <\/div>\n                            \n<style>\n#text-box-1783891314 .text-box-content {\n  background-color: rgb(255, 255, 255);\n  font-size: 100%;\n}\n#text-box-1783891314 .text-inner {\n  padding: 30px 30px 30px 30px;\n}\n#text-box-1783891314 {\n  width: 60%;\n}\n@media (min-width:550px) {\n  #text-box-1783891314 {\n    width: 47%;\n  }\n}\n<\/style>\n    <\/div>\n \n        <\/div>\n      <\/div>\n\n            \n<style>\n#banner-631139203 {\n  padding-top: 500px;\n  background-color: rgb(255, 255, 255);\n}\n#banner-631139203 .overlay {\n  background-color: rgba(190, 190, 190, 0.2);\n}\n<\/style>\n  <\/div>\n\n\n     <\/div>\n\n     <div class=\"loading-spin dark large centered\"><\/div>\n\n\t<\/div>\n\n\n<\/div><\/div>\n            <\/div>\n    <style>\n    #banner-grid-1205991321 .grid-col-1{height: 918px}\n    #banner-grid-1205991321 .grid-col-1-2{height: 459px}\n    #banner-grid-1205991321 .grid-col-1-3{height:306px}\n    #banner-grid-1205991321 .grid-col-2-3{height: 612px}\n    #banner-grid-1205991321 .grid-col-1-4{height: 229.5px}\n    #banner-grid-1205991321 .grid-col-3-4{height: 688.5px}\n\n\n    \n    \n\n  <\/style>\n    <\/div>\n  \n\t<div id=\"gap-1088476123\" class=\"gap-element clearfix\" style=\"display:block; height:auto;\">\n\t\t\n<style>\n#gap-1088476123 {\n  padding-top: 15px;\n}\n<\/style>\n\t<\/div>\n\t\n  <div class=\"banner-grid-wrapper\">\n  <div id=\"banner-grid-905190615\" class=\"banner-grid row row-grid row-small row-full-width\" data-packery-options=\"\">\n                      \n<div class=\"col grid-col large-6 grid-col-1\" ><div class=\"col-inner\">\n\n  <div class=\"banner has-hover\" id=\"banner-227927008\">\n          <div class=\"banner-inner fill\">\n        <div class=\"banner-bg fill\" >\n            <img loading=\"lazy\" decoding=\"async\" width=\"2415\" height=\"1673\" src=\"https:\/\/toscanapflanzen.eu\/wp-content\/uploads\/2021\/11\/68788829_w.jpg\" class=\"bg attachment-original size-original\" alt=\"\" \/>                                    \n                    <\/div>\n\t\t\n        <div class=\"banner-layers container\">\n            <div class=\"fill banner-link\"><\/div>            \n   <div id=\"text-box-1178245558\" class=\"text-box banner-layer x95 md-x95 lg-x95 y50 md-y50 lg-y50 res-text\">\n                                <div class=\"text-box-content text box-shadow-3\">\n              \n              <div class=\"text-inner text-center\">\n                  \n<h2 class=\"thin-font uppercase\"><span style=\"font-size: 75%;\"><strong>SERVICES<br \/><\/strong><\/span><\/h2>\n<a href=\"http:\/\/toscanapflanzen.eu\/de\/service\/\" class=\"button primary is-larger\" >\n\t\t<span>FINDE MHER HERAUS<\/span>\n\t<\/a>\n\n              <\/div>\n           <\/div>\n                            \n<style>\n#text-box-1178245558 .text-box-content {\n  background-color: rgba(255, 255, 255, 0.86);\n  font-size: 100%;\n}\n#text-box-1178245558 .text-inner {\n  padding: 30px 30px 30px 30px;\n}\n#text-box-1178245558 {\n  width: 95%;\n}\n@media (min-width:550px) {\n  #text-box-1178245558 {\n    width: 47%;\n  }\n}\n<\/style>\n    <\/div>\n \n        <\/div>\n      <\/div>\n\n            \n<style>\n#banner-227927008 {\n  padding-top: 500px;\n}\n#banner-227927008 .banner-bg img {\n  object-position: 30% 2%;\n}\n<\/style>\n  <\/div>\n\n\n<\/div><\/div>\n<div class=\"col grid-col large-6 grid-col-1\" ><div class=\"col-inner\">\n\n  <div class=\"banner has-hover\" id=\"banner-479910153\">\n          <div class=\"banner-inner fill\">\n        <div class=\"banner-bg fill\" >\n            <img loading=\"lazy\" decoding=\"async\" width=\"2259\" height=\"2560\" src=\"https:\/\/toscanapflanzen.eu\/wp-content\/uploads\/2021\/11\/DSC_0344-home-scaled.jpg\" class=\"bg attachment-original size-original\" alt=\"\" \/>                                    \n                    <\/div>\n\t\t\n        <div class=\"banner-layers container\">\n            <div class=\"fill banner-link\"><\/div>            \n   <div id=\"text-box-700502279\" class=\"text-box banner-layer x95 md-x95 lg-x95 y50 md-y50 lg-y50 res-text\">\n                                <div class=\"text-box-content text box-shadow-3\">\n              \n              <div class=\"text-inner text-center\">\n                  \n<h3 class=\"thin-font uppercase\"><strong>WIR VERTRETEN UND SCH\u00dcTZEN UNSERE KUNDEN<\/strong><\/h3>\n<h3><span style=\"font-size: 75%;\">Toscana Pflanzen setzt sich f\u00fcr die Interessen der G\u00e4rtner ein, indem es Unterst\u00fctzungsdienste f\u00fcr jeden Bedarf anbietet<\/span><\/h3>\n<a href=\"http:\/\/toscanapflanzen.eu\/de\/wer-sind-wir\/\" class=\"button primary is-larger\" >\n\t\t<span>WER SIND WIR<\/span>\n\t<\/a>\n\n              <\/div>\n           <\/div>\n                            \n<style>\n#text-box-700502279 .text-box-content {\n  background-color: rgba(255, 255, 255, 0.86);\n  font-size: 100%;\n}\n#text-box-700502279 .text-inner {\n  padding: 30px 30px 30px 30px;\n}\n#text-box-700502279 {\n  width: 90%;\n}\n@media (min-width:550px) {\n  #text-box-700502279 {\n    width: 86%;\n  }\n}\n<\/style>\n    <\/div>\n \n        <\/div>\n      <\/div>\n\n            \n<style>\n#banner-479910153 {\n  padding-top: 500px;\n}\n#banner-479910153 .banner-bg img {\n  object-position: 45% 64%;\n}\n<\/style>\n  <\/div>\n\n\n<\/div><\/div>\n            <\/div>\n    <style>\n    #banner-grid-905190615 .grid-col-1{height: 918px}\n    #banner-grid-905190615 .grid-col-1-2{height: 459px}\n    #banner-grid-905190615 .grid-col-1-3{height:306px}\n    #banner-grid-905190615 .grid-col-2-3{height: 612px}\n    #banner-grid-905190615 .grid-col-1-4{height: 229.5px}\n    #banner-grid-905190615 .grid-col-3-4{height: 688.5px}\n\n\n    \n    \n\n  <\/style>\n    <\/div>\n  \n  <div class=\"banner-grid-wrapper\">\n  <div id=\"banner-grid-1424003991\" class=\"banner-grid row row-grid row-small row-full-width\" data-packery-options=\"\">\n                      \n<div class=\"col grid-col large-6 grid-col-1\" ><div class=\"col-inner\">\n\n  <div class=\"banner has-hover\" id=\"banner-1078538468\">\n          <div class=\"banner-inner fill\">\n        <div class=\"banner-bg fill\" >\n            <img loading=\"lazy\" decoding=\"async\" width=\"1920\" height=\"2560\" src=\"https:\/\/toscanapflanzen.eu\/wp-content\/uploads\/2021\/11\/dettaglio-home-scaled.jpg\" class=\"bg attachment-original size-original\" alt=\"\" \/>                                    \n                    <\/div>\n\t\t\n        <div class=\"banner-layers container\">\n            <div class=\"fill banner-link\"><\/div>            \n   <div id=\"text-box-550912542\" class=\"text-box banner-layer x50 md-x50 lg-x50 y90 md-y90 lg-y90 res-text\">\n                                <div class=\"text-box-content text \">\n              \n              <div class=\"text-inner text-center\">\n                  \n<h2 class=\"uppercase\"><strong>W\u00c4HLEN SIE UNSERE UNTERST\u00dcTZUNG<\/strong><\/h2>\n<h3>Sich f\u00fcr unser Unternehmen zu entscheiden bedeutet, eine hohe nationale und internationale Repr\u00e4sentanz im Baumschulbereich zu haben<\/h3>\n<a href=\"http:\/\/toscanapflanzen.eu\/de\/unsere-organisation\/\" class=\"button primary is-bevel is-large\" >\n\t\t<span>UNSERE ORGANISATION<\/span>\n\t<\/a>\n\n              <\/div>\n           <\/div>\n                            \n<style>\n#text-box-550912542 .text-box-content {\n  background-color: rgba(255, 255, 255, 0.94);\n  font-size: 100%;\n}\n#text-box-550912542 .text-inner {\n  padding: 5px 30px 10px 30px;\n}\n#text-box-550912542 {\n  width: 100%;\n}\n<\/style>\n    <\/div>\n \n        <\/div>\n      <\/div>\n\n            \n<style>\n#banner-1078538468 {\n  padding-top: 400px;\n}\n<\/style>\n  <\/div>\n\n\n<\/div><\/div>\n<div class=\"col grid-col large-6 grid-col-1\" ><div class=\"col-inner\">\n\n  <div class=\"banner has-hover\" id=\"banner-1533969449\">\n          <div class=\"banner-inner fill\">\n        <div class=\"banner-bg fill\" >\n            <img loading=\"lazy\" decoding=\"async\" width=\"1920\" height=\"2560\" src=\"https:\/\/toscanapflanzen.eu\/wp-content\/uploads\/2021\/11\/lagerstroemia-cc-scaled.jpg\" class=\"bg attachment-original size-original\" alt=\"\" \/>                                    \n                    <\/div>\n\t\t\n        <div class=\"banner-layers container\">\n            <div class=\"fill banner-link\"><\/div>            \n   <div id=\"text-box-1985440742\" class=\"text-box banner-layer x95 md-x95 lg-x95 y50 md-y50 lg-y50 res-text\">\n                                <div class=\"text-box-content text box-shadow-3\">\n              \n              <div class=\"text-inner text-center\">\n                  \n<h3 class=\"uppercase\"><strong>CUSTOMER CARE<br \/><\/strong><\/h3>\n<h3><span style=\"font-size: 75%;\">Kundensupport f\u00fcr alle Ihre Bed\u00fcrfnisse verf\u00fcgbar. <span lang=\"DE\">Der Kunde kommt immer an erster Stelle<\/span>!<\/span><\/h3>\n<a href=\"http:\/\/toscanapflanzen.eu\/de\/kontakte\/\" class=\"button primary is-outline is-large\" >\n\t\t<span>KONTAKTE<\/span>\n\t<\/a>\n\n              <\/div>\n           <\/div>\n                            \n<style>\n#text-box-1985440742 .text-box-content {\n  background-color: rgba(255, 255, 255, 0.86);\n  font-size: 100%;\n}\n#text-box-1985440742 .text-inner {\n  padding: 30px 30px 30px 30px;\n}\n#text-box-1985440742 {\n  width: 91%;\n}\n@media (min-width:550px) {\n  #text-box-1985440742 {\n    width: 51%;\n  }\n}\n<\/style>\n    <\/div>\n \n        <\/div>\n      <\/div>\n\n            \n<style>\n#banner-1533969449 {\n  padding-top: 500px;\n}\n#banner-1533969449 .banner-bg img {\n  object-position: 59% 1%;\n}\n<\/style>\n  <\/div>\n\n\n<\/div><\/div>\n            <\/div>\n    <style>\n    #banner-grid-1424003991 .grid-col-1{height: 918px}\n    #banner-grid-1424003991 .grid-col-1-2{height: 459px}\n    #banner-grid-1424003991 .grid-col-1-3{height:306px}\n    #banner-grid-1424003991 .grid-col-2-3{height: 612px}\n    #banner-grid-1424003991 .grid-col-1-4{height: 229.5px}\n    #banner-grid-1424003991 .grid-col-3-4{height: 688.5px}\n\n\n    \n    \n\n  <\/style>\n    <\/div>\n  \n  <div class=\"banner-grid-wrapper\">\n  <div id=\"banner-grid-1006209558\" class=\"banner-grid row row-grid row-collapse row-full-width\" data-packery-options=\"\">\n                      \n<div class=\"col grid-col large-12 grid-col-1-2\" ><div class=\"col-inner\">\n\n  <div class=\"banner has-hover\" id=\"banner-305906005\">\n          <div class=\"banner-inner fill\">\n        <div class=\"banner-bg fill\" >\n            <img loading=\"lazy\" decoding=\"async\" width=\"1020\" height=\"680\" src=\"https:\/\/toscanapflanzen.eu\/wp-content\/uploads\/2021\/11\/100612714_w-1200x800.jpg\" class=\"bg attachment-large size-large\" alt=\"\" \/>                        <div class=\"overlay\"><\/div>            \n                    <\/div>\n\t\t\n        <div class=\"banner-layers container\">\n            <div class=\"fill banner-link\"><\/div>            \n   <div id=\"text-box-1375582616\" class=\"text-box banner-layer x90 md-x90 lg-x90 y50 md-y50 lg-y50 res-text\">\n                                <div class=\"text-box-content text dark\">\n              \n              <div class=\"text-inner text-center\">\n                  \n<h3 class=\"uppercase\">REGISTRIERE DICH F\u00dcR UNSEREN NEWSLETTER<\/h3>\n<p>Verfolge alle Updates und Neuigkeiten<\/p>\n\n<div class=\"wpcf7 no-js\" id=\"wpcf7-f562-o1\" lang=\"it-IT\" dir=\"ltr\" data-wpcf7-id=\"562\">\n<div class=\"screen-reader-response\"><p role=\"status\" aria-live=\"polite\" aria-atomic=\"true\"><\/p> <ul><\/ul><\/div>\n<form action=\"\/de\/wp-json\/wp\/v2\/pages\/553#wpcf7-f562-o1\" method=\"post\" class=\"wpcf7-form init\" aria-label=\"Modulo di contatto\" novalidate=\"novalidate\" data-status=\"init\">\n<fieldset class=\"hidden-fields-container\"><input type=\"hidden\" name=\"_wpcf7\" value=\"562\" \/><input type=\"hidden\" name=\"_wpcf7_version\" value=\"6.1.5\" \/><input type=\"hidden\" name=\"_wpcf7_locale\" value=\"it_IT\" \/><input type=\"hidden\" name=\"_wpcf7_unit_tag\" value=\"wpcf7-f562-o1\" \/><input type=\"hidden\" name=\"_wpcf7_container_post\" value=\"0\" \/><input type=\"hidden\" name=\"_wpcf7_posted_data_hash\" value=\"\" \/>\n<\/fieldset>\n<div class=\"flex-row form-flat medium-flex-wrap\">\n\t<div class=\"flex-col flex-grow\">\n\t\t<p><span class=\"wpcf7-form-control-wrap\" data-name=\"your-email\"><input size=\"40\" maxlength=\"400\" class=\"wpcf7-form-control wpcf7-email wpcf7-validates-as-required wpcf7-text wpcf7-validates-as-email\" aria-required=\"true\" aria-invalid=\"false\" placeholder=\"Deine E-Mail (erforderlich)\" value=\"\" type=\"email\" name=\"your-email\" \/><\/span>\n\t\t<\/p>\n\t<\/div>\n\t<div class=\"flex-col ml-half\">\n\t\t<p><input class=\"wpcf7-form-control wpcf7-submit has-spinner button\" type=\"submit\" value=\"REGISTRIERE DICH F\u00dcR UNSEREN NEWSLETTER\" \/>\n\t\t<\/p>\n\t<\/div>\n<\/div><div class=\"wpcf7-response-output\" aria-hidden=\"true\"><\/div>\n<\/form>\n<\/div>\n\n              <\/div>\n           <\/div>\n                            \n<style>\n#text-box-1375582616 {\n  width: 60%;\n}\n#text-box-1375582616 .text-box-content {\n  font-size: 100%;\n}\n@media (min-width:550px) {\n  #text-box-1375582616 {\n    width: 40%;\n  }\n}\n<\/style>\n    <\/div>\n \n        <\/div>\n      <\/div>\n\n            \n<style>\n#banner-305906005 {\n  padding-top: 500px;\n}\n#banner-305906005 .overlay {\n  background-color: rgba(0,0,0,.5);\n}\n<\/style>\n  <\/div>\n\n\n<\/div><\/div>\n            <\/div>\n    <style>\n    #banner-grid-1006209558 .grid-col-1{height: 526px}\n    #banner-grid-1006209558 .grid-col-1-2{height: 263px}\n    #banner-grid-1006209558 .grid-col-1-3{height:175.33333333333px}\n    #banner-grid-1006209558 .grid-col-2-3{height: 350.66666666667px}\n    #banner-grid-1006209558 .grid-col-1-4{height: 131.5px}\n    #banner-grid-1006209558 .grid-col-3-4{height: 394.5px}\n\n\n    \n    \n\n  <\/style>\n    <\/div>\n  \n","protected":false},"excerpt":{"rendered":"","protected":false},"author":2,"featured_media":489,"parent":0,"menu_order":2,"comment_status":"closed","ping_status":"closed","template":"page-transparent-header.php","meta":{"footnotes":""},"class_list":["post-553","page","type-page","status-publish","has-post-thumbnail","hentry"],"_links":{"self":[{"href":"https:\/\/toscanapflanzen.eu\/de\/wp-json\/wp\/v2\/pages\/553","targetHints":{"allow":["GET"]}}],"collection":[{"href":"https:\/\/toscanapflanzen.eu\/de\/wp-json\/wp\/v2\/pages"}],"about":[{"href":"https:\/\/toscanapflanzen.eu\/de\/wp-json\/wp\/v2\/types\/page"}],"author":[{"embeddable":true,"href":"https:\/\/toscanapflanzen.eu\/de\/wp-json\/wp\/v2\/users\/2"}],"replies":[{"embeddable":true,"href":"https:\/\/toscanapflanzen.eu\/de\/wp-json\/wp\/v2\/comments?post=553"}],"version-history":[{"count":0,"href":"https:\/\/toscanapflanzen.eu\/de\/wp-json\/wp\/v2\/pages\/553\/revisions"}],"wp:featuredmedia":[{"embeddable":true,"href":"https:\/\/toscanapflanzen.eu\/de\/wp-json\/wp\/v2\/media\/489"}],"wp:attachment":[{"href":"https:\/\/toscanapflanzen.eu\/de\/wp-json\/wp\/v2\/media?parent=553"}],"curies":[{"name":"wp","href":"https:\/\/api.w.org\/{rel}","templated":true}]}}