{"id":530,"date":"2021-11-08T10:35:25","date_gmt":"2021-11-08T10:35:25","guid":{"rendered":"https:\/\/toscanapflanzen.it\/?page_id=530"},"modified":"2022-08-08T11:28:05","modified_gmt":"2022-08-08T11:28:05","slug":"service","status":"publish","type":"page","link":"https:\/\/toscanapflanzen.eu\/de\/service\/","title":{"rendered":"Service"},"content":{"rendered":"\n  <div class=\"banner has-hover\" id=\"banner-1120076746\">\n          <div class=\"banner-inner fill\">\n        <div class=\"banner-bg fill\" >\n            <img loading=\"lazy\" decoding=\"async\" width=\"1020\" height=\"765\" src=\"https:\/\/toscanapflanzen.eu\/wp-content\/uploads\/2021\/09\/3131_1-1067x800.jpg\" class=\"bg attachment-large size-large\" alt=\"\" \/>                        <div class=\"overlay\"><\/div>            \n                    <\/div>\n\t\t\n        <div class=\"banner-layers container\">\n            <div class=\"fill banner-link\"><\/div>            \n   <div id=\"text-box-309257241\" class=\"text-box banner-layer x95 md-x95 lg-x95 y50 md-y50 lg-y50 res-text\">\n                                <div class=\"text-box-content text box-shadow-3\">\n              \n              <div class=\"text-inner text-center\">\n                  \n<h2 class=\"uppercase\"><strong>SERVICE<\/strong><\/h2>\n<p id=\"tw-target-text\" class=\"tw-data-text tw-text-large XcVN5d tw-ta\" dir=\"ltr\" data-placeholder=\"Traduzione\"><span class=\"Y2IQFc\" lang=\"de\"><span lang=\"DE\">Wir bieten unsere Dienstleistung im Baumschulsektor an und helfen unseren Kunden sich weiter zu entwickeln dank unseren Erfahrungen und Kenntnissen. Unsere Dienste zu w\u00e4hlen bedeutet eine Vertretung vor Ort<\/span>.<\/span><\/p>\n<p>Sich f\u00fcr unsere Unterst\u00fctzung zu entscheiden, bedeutet, national und international vertreten zu sein, es bedeutet, konkrete Dienstleistungen f\u00fcr die Entwicklung Ihres Gesch\u00e4fts zu haben.<\/p>\n<p>\u00a0<\/p>\n<p><span lang=\"DE\">Wir sind ein kleines Familienunternehmen, das eine Dienstleistung im Baumschulsektor, Pflanzen \u00a0und Zubeh\u00f6r, anbieten in Pistoia, der ber\u00fchmtesten Baumschulenstadt in Europa, die Pflanzenstadt! Unsere Firma wurde 1996 begr\u00fcndet und seit 25 Jahren arbeiten wir mit verschiedenen Baumschule vor Ort. Wir sind Ihre verl\u00e4ngerte Hand in Pistoia f\u00fcr Angebote und Spezielle Anfrage.<\/span><\/p>\n<a href=\"http:\/\/toscanapflanzen.eu\/de\/kontakte\/\" class=\"button primary\" >\n\t\t<span>KONTAKTIERE UNS<\/span>\n\t<\/a>\n\n              <\/div>\n           <\/div>\n                            \n<style>\n#text-box-309257241 .text-box-content {\n  background-color: rgba(255, 255, 255, 0.86);\n  font-size: 100%;\n}\n#text-box-309257241 .text-inner {\n  padding: 30px 30px 30px 30px;\n}\n#text-box-309257241 {\n  width: 60%;\n}\n@media (min-width:550px) {\n  #text-box-309257241 {\n    width: 89%;\n  }\n}\n<\/style>\n    <\/div>\n \n        <\/div>\n      <\/div>\n\n            \n<style>\n#banner-1120076746 {\n  padding-top: 500px;\n}\n#banner-1120076746 .overlay {\n  background-color: rgba(0, 0, 0, 0.2);\n}\n<\/style>\n  <\/div>\n\n\n","protected":false},"excerpt":{"rendered":"","protected":false},"author":2,"featured_media":0,"parent":0,"menu_order":0,"comment_status":"closed","ping_status":"closed","template":"","meta":{"footnotes":""},"class_list":["post-530","page","type-page","status-publish","hentry"],"_links":{"self":[{"href":"https:\/\/toscanapflanzen.eu\/de\/wp-json\/wp\/v2\/pages\/530","targetHints":{"allow":["GET"]}}],"collection":[{"href":"https:\/\/toscanapflanzen.eu\/de\/wp-json\/wp\/v2\/pages"}],"about":[{"href":"https:\/\/toscanapflanzen.eu\/de\/wp-json\/wp\/v2\/types\/page"}],"author":[{"embeddable":true,"href":"https:\/\/toscanapflanzen.eu\/de\/wp-json\/wp\/v2\/users\/2"}],"replies":[{"embeddable":true,"href":"https:\/\/toscanapflanzen.eu\/de\/wp-json\/wp\/v2\/comments?post=530"}],"version-history":[{"count":0,"href":"https:\/\/toscanapflanzen.eu\/de\/wp-json\/wp\/v2\/pages\/530\/revisions"}],"wp:attachment":[{"href":"https:\/\/toscanapflanzen.eu\/de\/wp-json\/wp\/v2\/media?parent=530"}],"curies":[{"name":"wp","href":"https:\/\/api.w.org\/{rel}","templated":true}]}}